{"id":13,"date":"2017-03-14T12:24:29","date_gmt":"2017-03-14T11:24:29","guid":{"rendered":"https:\/\/guillen.pro\/anne-sophie\/?page_id=13"},"modified":"2019-01-02T19:09:10","modified_gmt":"2019-01-02T18:09:10","slug":"accueil","status":"publish","type":"page","link":"https:\/\/guillen.pro\/anne-sophie\/","title":{"rendered":"Accueil"},"content":{"rendered":"<p><strong>Docteur en psychologie &#8211; Psychanalyse<\/strong><\/p>\n<p><a href=\"https:\/\/www.pagesjaunes.fr\/pros\/57819979\"><strong>Sur rendez-vous<\/strong><\/a><br \/>\n<a href=\"tel:+33561572933\">05 61 57 29 33<\/a><\/p>\n<p><strong>Adresse :<\/strong><\/p>\n<p><a href=\"https:\/\/guillen.pro\/anne-sophie\/plan\/\">32, boulevard des platanes,<br \/>\nAppartement 21, \u00e9tage 3,<br \/>\nR\u00e9sidence Le Belize<br \/>\n31400, Toulouse<\/a><\/p>\n<p>&nbsp;<\/p>\n<div class=\"infos_pratique\">\n<h2>Transports en commun :<\/h2>\n<ul>\n<li><strong><i class=\"fa fa-bus\"><\/i> Bus : <\/strong>Ligne de bus Lin\u00e9o 9 : arr\u00eat Conseil R\u00e9gional<\/li>\n<li><strong><i class=\"fa fa-subway\"><\/i> M\u00e9tro : <\/strong>Ligne B : arr\u00eat Palais de justice<\/li>\n<li><strong><i class=\"fa fa-subway\"><\/i> Tramway : <\/strong>Palais de justice<\/li>\n<\/ul>\n<h2>Voiture :<\/h2>\n<ul>\n<li><strong> <i class=\"fa fa-car\"><\/i> Parking :<\/strong> Saint Michel<\/li>\n<li><strong> <i class=\"fa fa-share\"><\/i> Sortie 24 :<\/strong> Empalot<\/li>\n<\/ul>\n<\/div>\n","protected":false},"excerpt":{"rendered":"<p>Docteur en psychologie &#8211; Psychanalyse Sur rendez-vous 05 61 57 29 33 Adresse : 32, boulevard des platanes, Appartement 21, \u00e9tage 3, R\u00e9sidence Le Belize 31400, Toulouse &nbsp; Transports en commun : Bus : Ligne de bus Lin\u00e9o 9 : arr\u00eat Conseil R\u00e9gional M\u00e9tro : Ligne B : arr\u00eat Palais de justice Tramway : Palais &hellip; <\/p>\n<p class=\"link-more\"><a href=\"https:\/\/guillen.pro\/anne-sophie\/\" class=\"more-link\">Continuer la lecture<span class=\"screen-reader-text\"> de &laquo;&nbsp;Accueil&nbsp;&raquo;<\/span><\/a><\/p>\n","protected":false},"author":1,"featured_media":0,"parent":0,"menu_order":0,"comment_status":"closed","ping_status":"closed","template":"","meta":{"_relevanssi_hide_post":"","_relevanssi_hide_content":"","_relevanssi_pin_for_all":"","_relevanssi_pin_keywords":"","_relevanssi_unpin_keywords":"","_relevanssi_related_keywords":"","_relevanssi_related_include_ids":"","_relevanssi_related_exclude_ids":"","_relevanssi_related_no_append":"","_relevanssi_related_not_related":"","_relevanssi_related_posts":"","_relevanssi_noindex_reason":"","jetpack_post_was_ever_published":false,"footnotes":""},"class_list":["post-13","page","type-page","status-publish","hentry"],"aioseo_notices":[],"jetpack_sharing_enabled":true,"jetpack_shortlink":"https:\/\/wp.me\/P9kfwc-d","jetpack_likes_enabled":true,"jetpack-related-posts":[],"amp_enabled":true,"_links":{"self":[{"href":"https:\/\/guillen.pro\/anne-sophie\/wp-json\/wp\/v2\/pages\/13","targetHints":{"allow":["GET"]}}],"collection":[{"href":"https:\/\/guillen.pro\/anne-sophie\/wp-json\/wp\/v2\/pages"}],"about":[{"href":"https:\/\/guillen.pro\/anne-sophie\/wp-json\/wp\/v2\/types\/page"}],"author":[{"embeddable":true,"href":"https:\/\/guillen.pro\/anne-sophie\/wp-json\/wp\/v2\/users\/1"}],"replies":[{"embeddable":true,"href":"https:\/\/guillen.pro\/anne-sophie\/wp-json\/wp\/v2\/comments?post=13"}],"version-history":[{"count":0,"href":"https:\/\/guillen.pro\/anne-sophie\/wp-json\/wp\/v2\/pages\/13\/revisions"}],"wp:attachment":[{"href":"https:\/\/guillen.pro\/anne-sophie\/wp-json\/wp\/v2\/media?parent=13"}],"curies":[{"name":"wp","href":"https:\/\/api.w.org\/{rel}","templated":true}]}}