{"id":9,"date":"2017-03-14T12:54:14","date_gmt":"2017-03-14T11:54:14","guid":{"rendered":"https:\/\/guillen.pro\/fabienne\/?page_id=9"},"modified":"2019-01-02T18:04:26","modified_gmt":"2019-01-02T17:04:26","slug":"accueil","status":"publish","type":"page","link":"https:\/\/guillen.pro\/fabienne\/","title":{"rendered":"Accueil"},"content":{"rendered":"<p><strong>Psychanalyse<\/strong><\/p>\n<p><strong>Psychiatrie g\u00e9n\u00e9rale &#8211; Conventionn\u00e9 secteur 1<\/strong><\/p>\n<p><a href=\"https:\/\/www.pagesjaunes.fr\/pros\/04279053\"><strong>Sur rendez-vous<\/strong><\/a><br \/>\n<a href=\"tel:+33975459059\">09 75 45 90 59<\/a><\/p>\n<p><strong>Adresse :<\/strong><\/p>\n<p><a href=\"https:\/\/guillen.pro\/fabienne\/plan\/\">32, boulevard des platanes,<br \/>\nAppartement 21, \u00e9tage 3,<br \/>\nR\u00e9sidence Le Belize<br \/>\n31400, Toulouse<\/a><\/p>\n<h2>Transports en commun :<\/h2>\n<ul>\n<li><strong><i class=\"fa fa-bus\"><\/i> Bus : <\/strong>Ligne de bus Lin\u00e9o 9 : arr\u00eat Conseil R\u00e9gional<\/li>\n<li><strong><i class=\"fa fa-subway\"><\/i> M\u00e9tro : <\/strong>Ligne B : arr\u00eat Palais de justice<\/li>\n<li><strong><i class=\"fa fa-subway\"><\/i> Tramway : <\/strong>Palais de justice<\/li>\n<\/ul>\n<h2>Voiture :<\/h2>\n<ul>\n<li><strong> <i class=\"fa fa-car\"><\/i> Parking :<\/strong> Saint Michel<\/li>\n<li><strong> <i class=\"fa fa-share\"><\/i> Sortie 24 :<\/strong> Empalot<\/li>\n<\/ul>\n<p>&nbsp;<\/p>\n","protected":false},"excerpt":{"rendered":"<p>Psychanalyse Psychiatrie g\u00e9n\u00e9rale &#8211; Conventionn\u00e9 secteur 1 Sur rendez-vous 09 75 45 90 59 Adresse : 32, boulevard des platanes, Appartement 21, \u00e9tage 3, R\u00e9sidence Le Belize 31400, Toulouse Transports en commun : Bus : Ligne de bus Lin\u00e9o 9 : arr\u00eat Conseil R\u00e9gional M\u00e9tro : Ligne B : arr\u00eat Palais de justice Tramway : &hellip; <\/p>\n<p class=\"link-more\"><a href=\"https:\/\/guillen.pro\/fabienne\/\" class=\"more-link\">Continuer la lecture<span class=\"screen-reader-text\"> de &laquo;&nbsp;Accueil&nbsp;&raquo;<\/span><\/a><\/p>\n","protected":false},"author":1,"featured_media":0,"parent":0,"menu_order":0,"comment_status":"closed","ping_status":"closed","template":"","meta":{"_relevanssi_hide_post":"","_relevanssi_hide_content":"","_relevanssi_pin_for_all":"","_relevanssi_pin_keywords":"","_relevanssi_unpin_keywords":"","_relevanssi_related_keywords":"","_relevanssi_related_include_ids":"","_relevanssi_related_exclude_ids":"","_relevanssi_related_no_append":"","_relevanssi_related_not_related":"","_relevanssi_related_posts":"","_relevanssi_noindex_reason":"","jetpack_post_was_ever_published":false,"footnotes":""},"class_list":["post-9","page","type-page","status-publish","hentry"],"aioseo_notices":[],"jetpack_sharing_enabled":true,"jetpack_shortlink":"https:\/\/wp.me\/P9kfvC-9","jetpack_likes_enabled":true,"jetpack-related-posts":[],"amp_enabled":true,"_links":{"self":[{"href":"https:\/\/guillen.pro\/fabienne\/wp-json\/wp\/v2\/pages\/9","targetHints":{"allow":["GET"]}}],"collection":[{"href":"https:\/\/guillen.pro\/fabienne\/wp-json\/wp\/v2\/pages"}],"about":[{"href":"https:\/\/guillen.pro\/fabienne\/wp-json\/wp\/v2\/types\/page"}],"author":[{"embeddable":true,"href":"https:\/\/guillen.pro\/fabienne\/wp-json\/wp\/v2\/users\/1"}],"replies":[{"embeddable":true,"href":"https:\/\/guillen.pro\/fabienne\/wp-json\/wp\/v2\/comments?post=9"}],"version-history":[{"count":0,"href":"https:\/\/guillen.pro\/fabienne\/wp-json\/wp\/v2\/pages\/9\/revisions"}],"wp:attachment":[{"href":"https:\/\/guillen.pro\/fabienne\/wp-json\/wp\/v2\/media?parent=9"}],"curies":[{"name":"wp","href":"https:\/\/api.w.org\/{rel}","templated":true}]}}